{"id":3680,"date":"2025-11-30T16:17:32","date_gmt":"2025-11-30T13:17:32","guid":{"rendered":"https:\/\/yavizing.com\/?page_id=3680"},"modified":"2025-11-30T19:31:16","modified_gmt":"2025-11-30T16:31:16","slug":"tekstil-bebek-ve-ev-yasam-cozumleri","status":"publish","type":"page","link":"https:\/\/yavizing.com\/en\/tekstil-bebek-ve-ev-yasam-cozumleri\/","title":{"rendered":"Textiles, Baby, and Home Living Solutions"},"content":{"rendered":"<div data-elementor-type=\"wp-page\" data-elementor-id=\"3680\" class=\"elementor elementor-3680\">\n\t\t\t\t<div class=\"elementor-element elementor-element-2660d72 e-flex e-con-boxed e-con e-parent\" data-id=\"2660d72\" data-element_type=\"container\">\n\t\t\t\t\t<div class=\"e-con-inner\">\n\t\t\t\t<div class=\"elementor-element elementor-element-befb69e elementor-widget elementor-widget-html\" data-id=\"befb69e\" data-element_type=\"widget\" data-widget_type=\"html.default\">\n\t\t\t\t\t<!-- ======================================\r\n   SEO META\r\n======================================= -->\r\n<title>Tekstil, Bebek ve Ev-Ya\u015fam \u00c7\u00f6z\u00fcmleri | Yavizing<\/title>\r\n<meta name=\"description\" content=\"Bebek tekstili, haz\u0131r giyim, ev tekstili \u00e7\u00f6z\u00fcmleri, mobilya ve i\u00e7 mek\u00e2n \u00fcr\u00fcnleri ile dekorasyon ve kanvas tablo se\u00e7enekleri sunuyoruz.\">\r\n<meta name=\"keywords\" content=\"bebek tekstili, ev tekstili, haz\u0131r giyim, mobilya \u00e7\u00f6z\u00fcmleri, i\u00e7 mek\u00e2n, dekorasyon, kanvas tablo, ev ya\u015fam \u00fcr\u00fcnleri, Yavizing tekstil\">\r\n<meta name=\"robots\" content=\"index, follow\">\r\n<meta name=\"viewport\" content=\"width=device-width, initial-scale=1.0\">\r\n\r\n\r\n<!-- ======================================\r\n   GENEL CSS (Mobil uyum + hover animasyon)\r\n======================================= -->\r\n<style>\r\n  .y-card {\r\n    background:#fff;\r\n    border-radius:14px;\r\n    padding:25px;\r\n    text-align:center;\r\n    box-shadow:0 4px 12px rgba(0,0,0,0.08);\r\n    transition:all .3s ease;\r\n  }\r\n  .y-card:hover {\r\n    transform:translateY(-7px);\r\n    box-shadow:0 10px 22px rgba(0,0,0,0.12);\r\n  }\r\n  .y-card img {\r\n    width:75px;\r\n    margin-bottom:15px;\r\n  }\r\n  .y-title {\r\n    font-size:20px;\r\n    color:#000;\r\n    margin:0;\r\n    line-height:1.3;\r\n  }\r\n\r\n  .y-grid {\r\n    max-width:1200px;\r\n    margin:auto;\r\n    display:grid;\r\n    grid-template-columns:repeat(auto-fit,minmax(260px,1fr));\r\n    gap:25px;\r\n    padding:60px 20px;\r\n  }\r\n\r\n  @media(max-width:768px){\r\n    h1 { font-size:32px !important; }\r\n    .y-card { padding:20px; }\r\n    .y-card img { width:65px; }\r\n  }\r\n  @media(max-width:480px){\r\n    .y-grid { grid-template-columns:1fr; }\r\n  }\r\n<\/style>\r\n\r\n\r\n<!-- ========================================\r\n   BANNER \/ HERO\r\n========================================= -->\r\n<section style=\"width:100%; background:#4e87bf; padding:80px 20px; text-align:center; color:#fff;\">\r\n  <div style=\"max-width:900px; margin:auto;\">\r\n      <h1 style=\"font-size:42px; font-weight:700; margin-bottom:15px;\">\r\n        Textiles, Baby, and Home Living Solutions \r\n     <\/h1>\r\n      <p style=\"font-size:18px; opacity:0.85; max-width:750px; margin:auto;\">\r\n        A wide range of products, from baby textiles to home decor, from interior furniture to ready-to-wear clothing.\r\n      <\/p>\r\n  <\/div>\r\n<\/section>\r\n\r\n\r\n<!-- ========================================\r\n   ALT KATEGOR\u0130 KARTLARI (Hover animasyonlu)\r\n========================================= -->\r\n<section style=\"background:#4e87bf;\">\r\n  <div class=\"y-grid\">\r\n\r\n      <!-- 1 -->\r\n      <a href=\"\/en\/bebek-urunleri\/\" style=\"text-decoration:none;\">\r\n        <div class=\"y-card\">\r\n          <img decoding=\"async\" src=\"https:\/\/yavizing.com\/wp-content\/uploads\/bebek-tekstili.png\" alt=\"Bebek \u00dcr\u00fcnleri & Bebek Tekstili\">\r\n          <h3 class=\"y-title\">Baby Products &amp; Baby Textiles<\/h3>\r\n        <\/div>\r\n      <\/a>\r\n\r\n      <!-- 2 -->\r\n      <a href=\"\/en\/tekstil-ve-hazir-giyim\/\" style=\"text-decoration:none;\">\r\n        <div class=\"y-card\">\r\n          <img decoding=\"async\" src=\"https:\/\/yavizing.com\/wp-content\/uploads\/ev-tekstili.png\" alt=\"Tekstil ve Haz\u0131r Giyim \/ Ev Tekstili\">\r\n          <h3 class=\"y-title\">Textiles and Ready-to-Wear \/ Home Textiles<\/h3>\r\n        <\/div>\r\n      <\/a>\r\n\r\n      <!-- 3 -->\r\n      <a href=\"\/en\/mobilya-ve-ic-mekan\/\" style=\"text-decoration:none;\">\r\n        <div class=\"y-card\">\r\n          <img decoding=\"async\" src=\"https:\/\/yavizing.com\/wp-content\/uploads\/mobilya-1.png\" alt=\"Mobilya ve \u0130\u00e7 Mek\u00e2n \u00c7\u00f6z\u00fcmleri\">\r\n          <h3 class=\"y-title\">Furniture and Interior Design Solutions<\/h3>\r\n        <\/div>\r\n      <\/a>\r\n\r\n      <!-- 4 -->\r\n      <a href=\"\/en\/sanat-ve-dekorasyon\/\" style=\"text-decoration:none;\">\r\n        <div class=\"y-card\">\r\n          <img decoding=\"async\" src=\"https:\/\/yavizing.com\/wp-content\/uploads\/dekorasyon.png\" alt=\"Sanat ve Dekorasyon\">\r\n          <h3 class=\"y-title\">Art and Decoration<\/h3>\r\n        <\/div>\r\n      <\/a>\r\n\r\n      <!-- 5 \u2013 alt kategori g\u00f6r\u00fcn\u00fcm\u00fcndeki tek \u00f6zel ba\u015fl\u0131k -->\r\n      <a href=\"\/en\/kanvas-tablo\/\" style=\"text-decoration:none;\">\r\n        <div class=\"y-card\">\r\n          <img decoding=\"async\" src=\"https:\/\/yavizing.com\/wp-content\/uploads\/kanvas-tablo.png\" alt=\"Kanvas Tablo\">\r\n          <h3 class=\"y-title\">Canvas Painting<\/h3>\r\n        <\/div>\r\n      <\/a>\r\n\r\n  <\/div>\r\n<\/section>\r\n\r\n\r\n<!-- ========================================\r\n   KISA ALT A\u00c7IKLAMA BLO\u011eU\r\n========================================= -->\r\n<section style=\"padding:40px 20px; background:#4e87bf;\">\r\n  <div style=\"max-width:900px; margin:auto; text-align:center;\">\r\n    <p style=\"font-size:18px; color:#fff; line-height:1.6;\">\r\n      Yavizing offers a wide supply network in the fields of textiles, baby products, interior furniture, and decoration.\n      It sources solutions that beautify living spaces, from home textiles to canvas paintings, from quality manufacturers.\r\n    <\/p>\r\n  <\/div>\r\n<\/section>\r\n\t\t\t\t<\/div>\n\t\t\t\t\t<\/div>\n\t\t\t\t<\/div>\n\t\t\t\t<\/div>","protected":false},"excerpt":{"rendered":"<p>Tekstil, Bebek ve Ev-Ya\u015fam \u00c7\u00f6z\u00fcmleri | Yavizing Tekstil, Bebek ve Ev-Ya\u015fam \u00c7\u00f6z\u00fcmleri Bebek tekstilinden ev dekorasyonuna, i\u00e7 mek\u00e2n mobilyalar\u0131ndan haz\u0131r giyime uzanan geni\u015f bir \u00fcr\u00fcn yelpazesi. Bebek \u00dcr\u00fcnleri &#038; Bebek Tekstili Tekstil ve Haz\u0131r Giyim \/ Ev Tekstili Mobilya ve \u0130\u00e7 Mek\u00e2n \u00c7\u00f6z\u00fcmleri Sanat ve Dekorasyon Kanvas Tablo Yavizing; tekstil, bebek \u00fcr\u00fcnleri, i\u00e7 mek\u00e2n mobilyalar\u0131 [&hellip;]<\/p>","protected":false},"author":1,"featured_media":0,"parent":0,"menu_order":0,"comment_status":"closed","ping_status":"closed","template":"elementor_header_footer","meta":{"footnotes":""},"class_list":["post-3680","page","type-page","status-publish","hentry"],"_links":{"self":[{"href":"https:\/\/yavizing.com\/en\/wp-json\/wp\/v2\/pages\/3680","targetHints":{"allow":["GET"]}}],"collection":[{"href":"https:\/\/yavizing.com\/en\/wp-json\/wp\/v2\/pages"}],"about":[{"href":"https:\/\/yavizing.com\/en\/wp-json\/wp\/v2\/types\/page"}],"author":[{"embeddable":true,"href":"https:\/\/yavizing.com\/en\/wp-json\/wp\/v2\/users\/1"}],"replies":[{"embeddable":true,"href":"https:\/\/yavizing.com\/en\/wp-json\/wp\/v2\/comments?post=3680"}],"version-history":[{"count":0,"href":"https:\/\/yavizing.com\/en\/wp-json\/wp\/v2\/pages\/3680\/revisions"}],"wp:attachment":[{"href":"https:\/\/yavizing.com\/en\/wp-json\/wp\/v2\/media?parent=3680"}],"curies":[{"name":"wp","href":"https:\/\/api.w.org\/{rel}","templated":true}]}}