{"id":3674,"date":"2025-11-30T16:14:19","date_gmt":"2025-11-30T13:14:19","guid":{"rendered":"https:\/\/yavizing.com\/?page_id=3674"},"modified":"2025-11-30T19:43:40","modified_gmt":"2025-11-30T16:43:40","slug":"enerji-elektrik-ve-iklimlendirme-sistemleri-cozumleri","status":"publish","type":"page","link":"https:\/\/yavizing.com\/en\/enerji-elektrik-ve-iklimlendirme-sistemleri-cozumleri\/","title":{"rendered":"Energy, Electrical, and HVAC System Solutions"},"content":{"rendered":"<div data-elementor-type=\"wp-page\" data-elementor-id=\"3674\" class=\"elementor elementor-3674\">\n\t\t\t\t<div class=\"elementor-element elementor-element-e2d1bef e-flex e-con-boxed e-con e-parent\" data-id=\"e2d1bef\" data-element_type=\"container\">\n\t\t\t\t\t<div class=\"e-con-inner\">\n\t\t\t\t<div class=\"elementor-element elementor-element-508a86e elementor-widget elementor-widget-html\" data-id=\"508a86e\" data-element_type=\"widget\" data-widget_type=\"html.default\">\n\t\t\t\t\t<!-- ======================================\r\n   SEO META\r\n======================================= -->\r\n<title>Enerji, Elektrik ve \u0130klimlendirme Sistemleri \u00c7\u00f6z\u00fcmleri | Yavizing<\/title>\r\n<meta name=\"description\" content=\"Elektrik ve ayd\u0131nlatma \u00fcr\u00fcnleri, LED \u00e7\u00f6z\u00fcmleri, g\u00fcne\u015f enerjisi sistemleri ve HVAC iklimlendirme \u00e7\u00f6z\u00fcmleri ile enerji verimlili\u011fini art\u0131ran kapsaml\u0131 tedarik hizmetleri sunuyoruz.\">\r\n<meta name=\"keywords\" content=\"elektrik \u00fcr\u00fcnleri, LED ayd\u0131nlatma, g\u00fcne\u015f enerjisi, solar sistemler, HVAC, \u0131s\u0131tma so\u011futma, iklimlendirme, enerji \u00e7\u00f6z\u00fcmleri, Yavizing\">\r\n<meta name=\"robots\" content=\"index, follow\">\r\n<meta name=\"viewport\" content=\"width=device-width, initial-scale=1.0\">\r\n\r\n\r\n<!-- ======================================\r\n   GENEL CSS (Mobil uyum + hover animasyon)\r\n======================================= -->\r\n<style>\r\n  .y-card {\r\n    background:#fff;\r\n    border-radius:14px;\r\n    padding:25px;\r\n    text-align:center;\r\n    box-shadow:0 4px 12px rgba(0,0,0,0.08);\r\n    transition:all .3s ease;\r\n  }\r\n  .y-card:hover {\r\n    transform:translateY(-7px);\r\n    box-shadow:0 10px 22px rgba(0,0,0,0.12);\r\n  }\r\n  .y-card img {\r\n    width:75px;\r\n    margin-bottom:15px;\r\n  }\r\n  .y-title {\r\n    font-size:20px;\r\n    color:#0d1b2a;\r\n    margin:0;\r\n  }\r\n\r\n  .y-grid {\r\n    max-width:1200px;\r\n    margin:auto;\r\n    display:grid;\r\n    grid-template-columns:repeat(auto-fit,minmax(260px,1fr));\r\n    gap:25px;\r\n    padding:60px 20px;\r\n  }\r\n\r\n  @media(max-width:768px){\r\n    h1 { font-size:32px !important; }\r\n    .y-card { padding:20px; }\r\n    .y-card img { width:65px; }\r\n  }\r\n  @media(max-width:480px){\r\n    .y-grid { grid-template-columns:1fr; }\r\n  }\r\n<\/style>\r\n\r\n\r\n<!-- ========================================\r\n   BANNER \/ HERO\r\n========================================= -->\r\n<section style=\"width:100%; background:#4e87bf; padding:80px 20px; text-align:center; color:#fff;\">\r\n  <div style=\"max-width:900px; margin:auto;\">\r\n      <h1 style=\"font-size:42px; font-weight:700; margin-bottom:15px;\">\r\n        Energy, Electricity &amp; Climate Control\r\n      <\/h1>\r\n      <p style=\"font-size:18px; opacity:0.85; max-width:750px; margin:auto;\">\r\n        Reliable and modern supply structure for electrical systems, LED technologies, renewable energy, and HVAC climate control solutions.\r\n      <\/p>\r\n  <\/div>\r\n<\/section>\r\n\r\n\r\n<!-- ========================================\r\n   ALT KATEGOR\u0130 KARTLARI (Hover animasyonlu)\r\n========================================= -->\r\n<section style=\"background:#4e87bf;\">\r\n  <div class=\"y-grid\">\r\n\r\n      <!-- 1 -->\r\n      <a href=\"\/en\/elektrik-ve-aydinlatma\/\" style=\"text-decoration:none;\">\r\n        <div class=\"y-card\">\r\n          <img decoding=\"async\" src=\"https:\/\/yavizing.com\/wp-content\/uploads\/elektrik-aydinlatma.png\" alt=\"Elektrik ve Ayd\u0131nlatma \u00dcr\u00fcnleri\">\r\n          <h3 class=\"y-title\">Electrical &amp; Lighting Products<\/h3>\r\n        <\/div>\r\n      <\/a>\r\n\r\n      <!-- 2 -->\r\n      <a href=\"\/en\/led-aydinlatma\/\" style=\"text-decoration:none;\">\r\n        <div class=\"y-card\">\r\n          <img decoding=\"async\" src=\"https:\/\/yavizing.com\/wp-content\/uploads\/led-aydinlatma.png\" alt=\"LED Ayd\u0131nlatma \u00dcr\u00fcnleri\">\r\n          <h3 class=\"y-title\">LED Lighting Products<\/h3>\r\n        <\/div>\r\n      <\/a>\r\n\r\n      <!-- 3 -->\r\n      <a href=\"\/en\/enerji-ve-gunes\/\" style=\"text-decoration:none;\">\r\n        <div class=\"y-card\">\r\n          <img decoding=\"async\" src=\"https:\/\/yavizing.com\/wp-content\/uploads\/solar-energy.png\" alt=\"Enerji & G\u00fcne\u015f Enerjisi Sistemleri\">\r\n          <h3 class=\"y-title\">Energy &amp; Solar Energy Systems<\/h3>\r\n        <\/div>\r\n      <\/a>\r\n\r\n      <!-- 4 -->\r\n      <a href=\"\/en\/hvac-isitma-sogutma\/\" style=\"text-decoration:none;\">\r\n        <div class=\"y-card\">\r\n          <img decoding=\"async\" src=\"https:\/\/yavizing.com\/wp-content\/uploads\/hvac.png\" alt=\"HVAC Is\u0131tma So\u011futma \u0130klimlendirme\">\r\n          <h3 class=\"y-title\">HVAC \u2013 Heating, Ventilation, and Air Conditioning<\/h3>\r\n        <\/div>\r\n      <\/a>\r\n\r\n  <\/div>\r\n<\/section>\r\n\r\n\r\n<!-- ========================================\r\n   KISA ALT A\u00c7IKLAMA BLO\u011eU\r\n========================================= -->\r\n<section style=\"padding:40px 20px; background:#4e87bf;\">\r\n  <div style=\"max-width:900px; margin:auto; text-align:center;\">\r\n    <p style=\"font-size:18px; color:#fff; line-height:1.6;\">\r\n      Yavizing offers energy-efficient electrical equipment, modern LED solutions, solar energy systems, and HVAC climate control products all under one roof.\nIt serves as a solution partner with a reliable supply network for industrial facilities, commercial buildings, and projects.\r\n    <\/p>\r\n  <\/div>\r\n<\/section>\r\n\t\t\t\t<\/div>\n\t\t\t\t\t<\/div>\n\t\t\t\t<\/div>\n\t\t\t\t<\/div>","protected":false},"excerpt":{"rendered":"<p>Enerji, Elektrik ve \u0130klimlendirme Sistemleri \u00c7\u00f6z\u00fcmleri | Yavizing Enerji, Elektrik &#038; \u0130klimlendirme Elektrik sistemleri, LED teknolojileri, yenilenebilir enerji ve HVAC iklimlendirme \u00e7\u00f6z\u00fcmlerinde g\u00fcvenilir ve modern tedarik yap\u0131s\u0131. Elektrik ve Ayd\u0131nlatma \u00dcr\u00fcnleri LED Ayd\u0131nlatma \u00dcr\u00fcnleri Enerji &#038; G\u00fcne\u015f Enerjisi Sistemleri HVAC \u2013 Is\u0131tma, So\u011futma ve \u0130klimlendirme Yavizing, enerji verimlili\u011fini art\u0131ran elektrik ekipmanlar\u0131, modern LED \u00e7\u00f6z\u00fcmleri, g\u00fcne\u015f [&hellip;]<\/p>","protected":false},"author":1,"featured_media":0,"parent":0,"menu_order":0,"comment_status":"closed","ping_status":"closed","template":"elementor_header_footer","meta":{"footnotes":""},"class_list":["post-3674","page","type-page","status-publish","hentry"],"_links":{"self":[{"href":"https:\/\/yavizing.com\/en\/wp-json\/wp\/v2\/pages\/3674","targetHints":{"allow":["GET"]}}],"collection":[{"href":"https:\/\/yavizing.com\/en\/wp-json\/wp\/v2\/pages"}],"about":[{"href":"https:\/\/yavizing.com\/en\/wp-json\/wp\/v2\/types\/page"}],"author":[{"embeddable":true,"href":"https:\/\/yavizing.com\/en\/wp-json\/wp\/v2\/users\/1"}],"replies":[{"embeddable":true,"href":"https:\/\/yavizing.com\/en\/wp-json\/wp\/v2\/comments?post=3674"}],"version-history":[{"count":0,"href":"https:\/\/yavizing.com\/en\/wp-json\/wp\/v2\/pages\/3674\/revisions"}],"wp:attachment":[{"href":"https:\/\/yavizing.com\/en\/wp-json\/wp\/v2\/media?parent=3674"}],"curies":[{"name":"wp","href":"https:\/\/api.w.org\/{rel}","templated":true}]}}