{"id":1994,"date":"2025-07-20T18:09:19","date_gmt":"2025-07-20T15:09:19","guid":{"rendered":"https:\/\/yavizing.com\/?page_id=1994"},"modified":"2025-07-20T18:43:32","modified_gmt":"2025-07-20T15:43:32","slug":"hizmetlerimiz","status":"publish","type":"page","link":"https:\/\/yavizing.com\/en\/hizmetlerimiz\/","title":{"rendered":"Our Services"},"content":{"rendered":"<div data-elementor-type=\"wp-page\" data-elementor-id=\"1994\" class=\"elementor elementor-1994\">\n\t\t\t\t\t\t<section class=\"elementor-section elementor-top-section elementor-element elementor-element-8241ef9 elementor-section-content-top elementor-section-boxed elementor-section-height-default elementor-section-height-default\" data-id=\"8241ef9\" data-element_type=\"section\">\n\t\t\t\t\t\t<div class=\"elementor-container elementor-column-gap-no\">\n\t\t\t\t\t<div class=\"elementor-column elementor-col-100 elementor-top-column elementor-element elementor-element-bcb15cc\" data-id=\"bcb15cc\" data-element_type=\"column\">\n\t\t\t<div class=\"elementor-widget-wrap elementor-element-populated\">\n\t\t\t\t\t\t<div class=\"elementor-element elementor-element-6db592a elementor-widget elementor-widget-cargozen-tab\" data-id=\"6db592a\" data-element_type=\"widget\" data-widget_type=\"cargozen-tab.default\">\n\t\t\t\t<div class=\"elementor-widget-container\">\n\t\t\t\t\t<div class=\"cg-ser1-content\">\n    <div class=\"cg-ser1-tab-btn tx-tab-btn\">\n        <ul class=\"nav nav-tabs\" id=\"myTab\" role=\"tablist\">\n                            <li class=\"nav-item\" role=\"presentation\">\n                    <button class=\"nav-link active\" id=\"home-tab0\" data-bs-toggle=\"tab\" data-bs-target=\"#home0\" type=\"button\" role=\"tab\" aria-controls=\"home0\" aria-selected=\"true\">\n                        <div class=\"cg-ser-item-icon-text\">\n                            <span class=\"item-icon\">\n                                <i aria-hidden=\"true\" class=\"fas fa-chevron-right\"><\/i>                            <\/span>\n                            <span class=\"item-text\">Import Consulting<\/span>\n                        <\/div>\n                    <\/button>\n                <\/li>\n                            <li class=\"nav-item\" role=\"presentation\">\n                    <button class=\"nav-link\" id=\"home-tab1\" data-bs-toggle=\"tab\" data-bs-target=\"#home1\" type=\"button\" role=\"tab\" aria-controls=\"home1\" aria-selected=\"true\">\n                        <div class=\"cg-ser-item-icon-text\">\n                            <span class=\"item-icon\">\n                                <i aria-hidden=\"true\" class=\"fas fa-chevron-right\"><\/i>                            <\/span>\n                            <span class=\"item-text\">Export Consulting<\/span>\n                        <\/div>\n                    <\/button>\n                <\/li>\n                            <li class=\"nav-item\" role=\"presentation\">\n                    <button class=\"nav-link\" id=\"home-tab2\" data-bs-toggle=\"tab\" data-bs-target=\"#home2\" type=\"button\" role=\"tab\" aria-controls=\"home2\" aria-selected=\"true\">\n                        <div class=\"cg-ser-item-icon-text\">\n                            <span class=\"item-icon\">\n                                <i aria-hidden=\"true\" class=\"fas fa-chevron-right\"><\/i>                            <\/span>\n                            <span class=\"item-text\">Custom Consultancy<\/span>\n                        <\/div>\n                    <\/button>\n                <\/li>\n                    <\/ul>\n    <\/div>\n    <div class=\"cg-ser1-tab-content\">\n        <div class=\"tab-content\" id=\"nav-tabContent\">\n                        <div class=\"tab-pane animated fade fadeInUp show active\" id=\"home0\" role=\"tabpanel\">\n                <div class=\"cg-ser1-img-text\">\n                    <div class=\"item-img position-relative\">\n                                                    <div class=\"inner-img\">\n                                <img decoding=\"async\"  src=\"https:\/\/yavizing.com\/wp-content\/uploads\/prd0.webp\" alt=\"\">\n                            <\/div>\n                                                                    <\/div>\n                    <div class=\"item-text pera-content ul-li-block\">\n                                                    <div class=\"inner-icon mb-10\">\n                                <img decoding=\"async\"  src=\"https:\/\/themexriver.com\/wp\/cargozen\/wp-content\/uploads\/2025\/04\/ic8.svg\" alt=\"\">\n                            <\/div>\n                                                                                                    <ul>\n                                                                    <li><i aria-hidden=\"true\" class=\"fas fa-check-circle\"><\/i> As Yavizing Foreign Trade, we offer end-to-end import consulting services to our customers who wish to source products from abroad. We provide professional support in all stages of the import process that you may require, including product identification, regulations and permits, customs procedures, cost analysis, shipping, and delivery.<\/li>\n                                                                    <li><i aria-hidden=\"true\" class=\"fas fa-check-circle\"><\/i> With our team of experts in the field, we ensure that your import transactions are carried out quickly, securely, and in compliance with regulations, offering you time and cost advantages. Yavizing Foreign Trade is at your side for accurate information, reliable service, and a solution-oriented approach in your import processes.<\/li>\n                                                                    <li><i aria-hidden=\"true\" class=\"fas fa-check-circle\"><\/i> \u201cCross-Border Service, Yavizing Foreign Trade\u201d<\/li>\n                                \n                            <\/ul>\n                                            <\/div>\n                    <div class=\"item-btn-client d-flex align-items-center\">\n                                                    <div class=\"cg-btn-1\">\n                                <a target=\"_blank\" rel=\"nofollow\" href=\"https:\/\/wa.me\/+905326642989\"><span>WhatsApp Contact <i class=\"fa-brands fa-whatsapp\"><\/i><\/span><\/a>\n                            <\/div>\n                                                                    <\/div>\n                <\/div>\n            <\/div>\n                        <div class=\"tab-pane animated fade fadeInUp\" id=\"home1\" role=\"tabpanel\">\n                <div class=\"cg-ser1-img-text\">\n                    <div class=\"item-img position-relative\">\n                                                    <div class=\"inner-img\">\n                                <img decoding=\"async\"  src=\"https:\/\/yavizing.com\/wp-content\/uploads\/prd0.webp\" alt=\"\">\n                            <\/div>\n                                                                    <\/div>\n                    <div class=\"item-text pera-content ul-li-block\">\n                                                    <div class=\"inner-icon mb-10\">\n                                <img decoding=\"async\"  src=\"https:\/\/themexriver.com\/wp\/cargozen\/wp-content\/uploads\/2025\/04\/ic8.svg\" alt=\"\">\n                            <\/div>\n                                                                                                    <ul>\n                                                                    <li><i aria-hidden=\"true\" class=\"fas fa-check-circle\"><\/i> As Yavizing Foreign Trade, we offer end-to-end consulting services to companies wishing to export. Our professional team is at your side throughout all export processes, including target market analysis, legislation and document management, customs procedures, logistics planning, and after-sales support.<\/li>\n                                                                    <li><i aria-hidden=\"true\" class=\"fas fa-check-circle\"><\/i> Choose Yavizing Foreign Trade to safely transport your products to global markets and achieve sustainable success in exports.<\/li>\n                                                                    <li><i aria-hidden=\"true\" class=\"fas fa-check-circle\"><\/i> Your Gateway to the World: Yavizing Foreign Trade<\/li>\n                                \n                            <\/ul>\n                                            <\/div>\n                    <div class=\"item-btn-client d-flex align-items-center\">\n                                                    <div class=\"cg-btn-1\">\n                                <a target=\"_blank\" rel=\"nofollow\" href=\"https:\/\/wa.me\/+905326642989\"><span>WhatsApp Contact <i class=\"fa-brands fa-whatsapp\"><\/i><\/span><\/a>\n                            <\/div>\n                                                                    <\/div>\n                <\/div>\n            <\/div>\n                        <div class=\"tab-pane animated fade fadeInUp\" id=\"home2\" role=\"tabpanel\">\n                <div class=\"cg-ser1-img-text\">\n                    <div class=\"item-img position-relative\">\n                                                    <div class=\"inner-img\">\n                                <img decoding=\"async\"  src=\"https:\/\/yavizing.com\/wp-content\/uploads\/prd0.webp\" alt=\"\">\n                            <\/div>\n                                                                    <\/div>\n                    <div class=\"item-text pera-content ul-li-block\">\n                                                    <div class=\"inner-icon mb-10\">\n                                <img decoding=\"async\"  src=\"https:\/\/themexriver.com\/wp\/cargozen\/wp-content\/uploads\/2025\/04\/ic8.svg\" alt=\"\">\n                            <\/div>\n                                                                                                    <ul>\n                                                                    <li><i aria-hidden=\"true\" class=\"fas fa-check-circle\"><\/i> As Yavizing Foreign Trade, we offer professional customs consultancy services to ensure that all customs processes for your import and export transactions are carried out smoothly and in compliance with regulations.<\/li>\n                                                                    <li><i aria-hidden=\"true\" class=\"fas fa-check-circle\"><\/i> With our experienced team, we are with you every step of the way, from document preparation to GTIP identification, from permits and exemptions to customs clearance tracking. Choose Yavizing Foreign Trade for speed, reliability, and accurate information in your customs procedures.<\/li>\n                                                                    <li><i aria-hidden=\"true\" class=\"fas fa-check-circle\"><\/i> Don't Waste Time at Customs, Yavizing is Right There with You!<\/li>\n                                \n                            <\/ul>\n                                            <\/div>\n                    <div class=\"item-btn-client d-flex align-items-center\">\n                                                    <div class=\"cg-btn-1\">\n                                <a target=\"_blank\" rel=\"nofollow\" href=\"https:\/\/wa.me\/+905326642989\"><span>WhatsApp Contact <i class=\"fa-brands fa-whatsapp\"><\/i><\/span><\/a>\n                            <\/div>\n                                                                    <\/div>\n                <\/div>\n            <\/div>\n            \n        <\/div>\n    <\/div>\n<\/div>\t\t\t\t<\/div>\n\t\t\t\t<\/div>\n\t\t\t\t\t<\/div>\n\t\t<\/div>\n\t\t\t\t\t<\/div>\n\t\t<\/section>\n\t\t\t\t<\/div>","protected":false},"excerpt":{"rendered":"<p>Ithalat Dan\u0131\u015fmanl\u0131\u011f\u0131 Ihracat Dan\u0131\u015fmanl\u0131\u011f\u0131 G\u00fcmr\u00fck Dan\u0131\u015fmanl\u0131\u011f\u0131 Yavizing D\u0131\u015f Ticaret olarak, yurtd\u0131\u015f\u0131ndan \u00fcr\u00fcn tedarik etmek isteyen m\u00fc\u015fterilerimize u\u00e7tan uca ithalat dan\u0131\u015fmanl\u0131\u011f\u0131 hizmeti sunuyoruz. \u0130thalat s\u00fcre\u00e7lerinde ihtiya\u00e7 duydu\u011funuz t\u00fcm a\u015famalarda; \u00fcr\u00fcn tespiti, mevzuat ve izinler, g\u00fcmr\u00fck i\u015flemleri, maliyet analizi, nakliye ve teslimat konular\u0131nda profesyonel destek sa\u011fl\u0131yoruz. Alan\u0131nda uzman ekibimizle, ithalat i\u015flemlerinizin h\u0131zl\u0131, g\u00fcvenli ve mevzuata uygun \u015fekilde [&hellip;]<\/p>","protected":false},"author":1,"featured_media":0,"parent":0,"menu_order":0,"comment_status":"closed","ping_status":"closed","template":"elementor_header_footer","meta":{"footnotes":""},"class_list":["post-1994","page","type-page","status-publish","hentry"],"_links":{"self":[{"href":"https:\/\/yavizing.com\/en\/wp-json\/wp\/v2\/pages\/1994","targetHints":{"allow":["GET"]}}],"collection":[{"href":"https:\/\/yavizing.com\/en\/wp-json\/wp\/v2\/pages"}],"about":[{"href":"https:\/\/yavizing.com\/en\/wp-json\/wp\/v2\/types\/page"}],"author":[{"embeddable":true,"href":"https:\/\/yavizing.com\/en\/wp-json\/wp\/v2\/users\/1"}],"replies":[{"embeddable":true,"href":"https:\/\/yavizing.com\/en\/wp-json\/wp\/v2\/comments?post=1994"}],"version-history":[{"count":0,"href":"https:\/\/yavizing.com\/en\/wp-json\/wp\/v2\/pages\/1994\/revisions"}],"wp:attachment":[{"href":"https:\/\/yavizing.com\/en\/wp-json\/wp\/v2\/media?parent=1994"}],"curies":[{"name":"wp","href":"https:\/\/api.w.org\/{rel}","templated":true}]}}